{"id":5,"date":"2012-12-01T17:40:48","date_gmt":"2012-12-01T16:40:48","guid":{"rendered":"http:\/\/141.57.8.110\/?page_id=5"},"modified":"2023-02-20T12:10:43","modified_gmt":"2023-02-20T11:10:43","slug":"startseite","status":"publish","type":"page","link":"https:\/\/musikdrucke.iaml-deutschland.info\/","title":{"rendered":"Startseite"},"content":{"rendered":"<p><span style=\"text-decoration: underline;\">Aktuelles:<\/span><br \/>\nIm Rahmen einer Bachelorarbeit wird derzeit untersucht, wie und von wem das Musikverlagswiki genutzt wird und ob es den aktuellen Bed\u00fcrfnisse und Anforderungen seiner Nutzerinnen und Nutzer entspricht. Wir w\u00fcrden uns sehr freuen, wenn Sie sich 5\u201310 Minuten Zeit nehmen w\u00fcrden, um an der folgenden Umfrage teilzunehmen: <a href=\"https:\/\/campus.lamapoll.de\/Musikverlagswiki_Umfrage\/\">https:\/\/campus.lamapoll.de\/Musikverlagswiki_Umfrage\/<\/a><\/p>\n<p><span style=\"text-decoration: underline;\">Allgemeine Informationen:<\/span><br \/>\nEs geh\u00f6rt zu den Eigenarten des Musikverlagswesens, dass zahlreiche Notendrucke, anders als B\u00fccher, kein Erscheinungsjahr aufweisen. Musikbibliothekare und Musikwissenschaftler stehen somit immer wieder vor der Aufgabe, Notenver\u00f6ffentlichungen zeitlich einzuordnen, wobei unterschiedliche Informationen f\u00fcr eine Datierung herangezogen werden k\u00f6nnen. Ein zentrales Element bildet die sogenannte Plattennummer, weitere Anhaltspunkte liefern Namen der Verlagsinhaber, Verlagsadressen, Rechtsformen der Firmen etc.<\/p>\n<p style=\"text-align: left;\">Das MusikverlagsWiki bietet strukturierte Hintergrundinformationen zur Datierung von Notenpublikationen. Hierzu geh\u00f6ren in erster Linie historische Daten zu<a title=\"Verleger\" href=\"https:\/\/musikdrucke.iaml-deutschland.info\/?page_id=14\">\u00a0Verlagsh\u00e4usern\u00a0<\/a>und\u00a0<a title=\"Drucker\" href=\"https:\/\/musikdrucke.iaml-deutschland.info\/?page_id=12\">Druckereien<\/a>, die aus der\u00a0<a title=\"Sekund\u00e4rliteratur\" href=\"https:\/\/musikdrucke.iaml-deutschland.info\/?page_id=24\">Sekund\u00e4rliteratur<\/a>\u00a0und aus Prim\u00e4rquellen (z. Zt. in erster Linie aus den Best\u00e4nden des S\u00e4chsischen Staatsarchivs\/Staatsarchiv Leipzig) zusammengetragen werden. Zu einzelnen Verlagen entstehen Konkordanzen von Plattennummern und Erscheinungsjahren, die auf Otto Erich Deutschs Musikverlags-Nummern (Berlin 1961) und Ergebnisse aus verschiedenen Werkverzeichnissen sowie weitere Sekund\u00e4rliteratur zur\u00fcckgehen. Hierbei ist zu beachten, dass diese Tabellen nur Anhaltspunkte geben, wann Notendrucke fr\u00fchestens erschienen sind. Identische Plattennummern k\u00f6nnen \u00fcber Jahrzehnte hinweg f\u00fcr Nachauflagen verwendet worden sein, was nur \u00fcber weitere Informationen auf der Ausgabe und durch Charakteristika des Materials (Druckbild, Papierqualit\u00e4t) festzustellen ist.<br \/>\nDas Wiki entsteht seit 2011 als Kooperationsprojekt zwischen der Internationalen Vereinigung der Musikbibliotheken \u2026 \/Association Internationale des Biblioth\u00e8ques, Archivs et Centres de Documentation Musicaux, Gruppe Bundesrepublik Deutschland (<a href=\"http:\/\/www.aibm.info\/\" target=\"_blank\" rel=\"external nofollow noopener noreferrer\">IAML Deutschland<\/a>) und dem\u00a0<a title=\"Studiengang\" href=\"https:\/\/www.htwk-leipzig.de\/studieren\/studiengaenge\/bachelorstudiengaenge\/bibliotheks-und-informationswissenschaft\/\">Studiengang Bibliotheks- und Informationswissenschaft<\/a>\u00a0der\u00a0<a href=\"http:\/\/www.htwk-leipzig.de\/\" target=\"_blank\" rel=\"external nofollow noopener noreferrer\">Hochschule f\u00fcr Technik, Wirtschaft und Kultur Leipzig<\/a>\u00a0und wird unterst\u00fctzt vom <a href=\"http:\/\/www.staatsarchiv.sachsen.de\/\" target=\"_blank\" rel=\"external nofollow noopener noreferrer\">S\u00e4chsischen Staatsarchiv\/Staatsarchiv Leipzig<\/a>.<br \/>\nBitte nutzen Sie f\u00fcr Anmerkungen, Korrekturen und Erg\u00e4nzungen die Kommentarfunktion. Wir freuen uns \u00fcber Ihre Anregungen und Hinweise!<br \/>\nUnsere Kontaktdaten finden Sie im<a title=\"Impressum\" href=\"https:\/\/musikdrucke.iaml-deutschland.info\/?page_id=10\"> Impressum<\/a>.<\/p>\n","protected":false},"excerpt":{"rendered":"<p>Aktuelles: Im Rahmen einer Bachelorarbeit wird derzeit untersucht, wie und von wem das Musikverlagswiki genutzt wird und ob es den aktuellen Bed\u00fcrfnisse und Anforderungen seiner Nutzerinnen und Nutzer entspricht. Wir w\u00fcrden uns sehr freuen, wenn Sie sich 5\u201310 Minuten Zeit nehmen w\u00fcrden, um an der folgenden Umfrage teilzunehmen: https:\/\/campus.lamapoll.de\/Musikverlagswiki_Umfrage\/ Allgemeine Informationen: Es geh\u00f6rt zu den &hellip; <\/p>\n<p class=\"link-more\"><a href=\"https:\/\/musikdrucke.iaml-deutschland.info\/\" class=\"more-link\">Lies den gesamten Beitrag &rarr;<span class=\"screen-reader-text\">\u201eStartseite\u201c<\/span><\/a><\/p>\n","protected":false},"author":2,"featured_media":0,"parent":0,"menu_order":0,"comment_status":"closed","ping_status":"closed","template":"sidebar-page.php","meta":{"footnotes":""},"class_list":["post-5","page","type-page","status-publish","hentry"],"_links":{"self":[{"href":"https:\/\/musikdrucke.iaml-deutschland.info\/index.php?rest_route=\/wp\/v2\/pages\/5","targetHints":{"allow":["GET"]}}],"collection":[{"href":"https:\/\/musikdrucke.iaml-deutschland.info\/index.php?rest_route=\/wp\/v2\/pages"}],"about":[{"href":"https:\/\/musikdrucke.iaml-deutschland.info\/index.php?rest_route=\/wp\/v2\/types\/page"}],"author":[{"embeddable":true,"href":"https:\/\/musikdrucke.iaml-deutschland.info\/index.php?rest_route=\/wp\/v2\/users\/2"}],"replies":[{"embeddable":true,"href":"https:\/\/musikdrucke.iaml-deutschland.info\/index.php?rest_route=%2Fwp%2Fv2%2Fcomments&post=5"}],"version-history":[{"count":24,"href":"https:\/\/musikdrucke.iaml-deutschland.info\/index.php?rest_route=\/wp\/v2\/pages\/5\/revisions"}],"predecessor-version":[{"id":7580,"href":"https:\/\/musikdrucke.iaml-deutschland.info\/index.php?rest_route=\/wp\/v2\/pages\/5\/revisions\/7580"}],"wp:attachment":[{"href":"https:\/\/musikdrucke.iaml-deutschland.info\/index.php?rest_route=%2Fwp%2Fv2%2Fmedia&parent=5"}],"curies":[{"name":"wp","href":"https:\/\/api.w.org\/{rel}","templated":true}]}}