{"id":14,"date":"2012-12-01T17:54:56","date_gmt":"2012-12-01T16:54:56","guid":{"rendered":"http:\/\/141.57.8.110\/?page_id=14"},"modified":"2019-09-02T10:12:08","modified_gmt":"2019-09-02T09:12:08","slug":"verleger","status":"publish","type":"page","link":"https:\/\/musikdrucke.iaml-deutschland.info\/?page_id=14","title":{"rendered":"Verleger"},"content":{"rendered":"<p><a name=\"Seitenanfang\"><\/a>Hier finden Sie eine <strong>alphabetische \u00dcbersicht<\/strong> der Verleger<\/p>\n<p><a href=\"#A\">A<\/a> <a href=\"#B\">B<\/a> <a href=\"#C\">C<\/a> <a href=\"#D\">D<\/a> <a href=\"#E\">E<\/a> <a href=\"#F\">F<\/a> <a href=\"#G\">G<\/a> <a href=\"#H\">H<\/a> <a href=\"#I\">I<\/a> <a href=\"#J\">J<\/a> <a href=\"#K\">K<\/a> <a href=\"#L\">L<\/a> <a href=\"#M\">M<\/a> <a href=\"#N\">N<\/a> <a href=\"#O\">O<\/a> <a href=\"#P\">P<\/a> <a href=\"#Q\">Q<\/a> <a href=\"#R\">R<\/a> <a href=\"#S\">S<\/a> <a href=\"#T\">T<\/a> <a href=\"#U\">U<\/a> <a href=\"#V\">V<\/a> <a href=\"#W\">W<\/a> <a href=\"#X\">X<\/a> <a href=\"#Y\">Y<\/a> <a href=\"#Z\">Z<\/a><\/p>\n<p><a name=\"A\"><\/a><strong>A<\/strong><\/p>\n<ul>\n<li><a href=\"?p=73\">Aibl, Jos. (M\u00fcnchen)<\/a><\/li>\n<li><a href=\"?p=38\">Andr\u00e9, Johann (Offenbach am Main)<\/a><\/li>\n<li><a href=\"?p=2792\">Arnold, F. W. (Elberfeld \/ Dresden)<\/a><\/li>\n<li><a href=\"?p=2802\">Arnold, Karl (Stuttgart \/ Leipzig)<\/a><\/li>\n<li><a href=\"?p=2811\">Arnoldische Buchhandlung (Dresden)<\/a><\/li>\n<li><a href=\"?p=2822\">Arnoldische Buchhandlung (Leipzig)<\/a><\/li>\n<li><a href=\"?p=2830\">Artaria &amp; Comp. (Wien)<\/a><\/li>\n<li><a href=\"?p=2888\">Ashdown, Edwin (London)<\/a><\/li>\n<li><a href=\"?p=2877\">Ashdown &amp; Parry (London)<\/a><\/li>\n<li><a href=\"?p=2896\">Auer, Albert (Stuttgart)<\/a><\/li>\n<li><a href=\"?p=2915\">Augener &amp; Co. (London)<\/a><\/li>\n<\/ul>\n<p><a name=\"B\"><\/a><strong>B<\/strong><\/p>\n<ul>\n<li><a href=\"?p=2235\">Bach-Gesellschaft (Leipzig)<\/a><\/li>\n<li><a href=\"?p=150\">Belaieff, M.P. (Leipzig)<\/a><\/li>\n<li><a href=\"?p=1952\">Benjamin (Hamburg)<\/a><\/li>\n<li><a href=\"?p=2177\">Bernard (St. Petersburg)<\/a><\/li>\n<li><a href=\"?p=2188\">Beyer &amp; S\u00f6hne (Bad Langensalza)<\/a><\/li>\n<li><a href=\"?p=2276\">Bomnitz, C. (Leipzig)<\/a><\/li>\n<li><a href=\"?p=2291\">Bormann &amp; Greiner (Leipzig)<\/a><\/li>\n<li><a href=\"?p=2298\">Bosse, Bernhardine (Leipzig)<\/a><\/li>\n<li><a href=\"?p=874\">Bosworth &amp; Co. (Leipzig)<\/a><\/li>\n<li><a href=\"?p=2332\">Bote &amp; Bock (Berlin)<\/a><\/li>\n<li><a href=\"?p=2702\">Brandstetter, Oscar (Leipzig)<\/a><\/li>\n<li><a href=\"?p=2136\">Brandus et Cie. (Paris)<\/a><\/li>\n<li><a href=\"?p=1904\">Bredt, Heinrich (Leipzig)<\/a><\/li>\n<li><a href=\"?p=1899\">Breitkopf &amp; H\u00e4rtel (Leipzig)<\/a><\/li>\n<li><a href=\"?p=1862\">Brockhaus, Max (Leipzig)<\/a><\/li>\n<li><a href=\"?p=2127\">Buchhandlung des Vereinshauses M. L. Matthies (Leipzig)<\/a><\/li>\n<\/ul>\n<p><a name=\"C\"><\/a><strong>C<\/strong><\/p>\n<ul>\n<li><a href=\"?p=875\">Cranz, Aug. (Hamburg)<\/a><\/li>\n<\/ul>\n<p><a name=\"D\"><\/a><strong>D<\/strong><\/p>\n<ul>\n<li><a href=\"?p=2247\">Dietrich, Franz (Leipzig)<\/a><\/li>\n<li><a href=\"?p=876\">Dietrich, Otto (Leipzig)<\/a><\/li>\n<li><a href=\"?p=2257\">Dietrich, Wilhelm (Leipzig)<\/a><\/li>\n<li><a href=\"?p=6205\">D\u00f6rffel, Alfred (Leipzig)<\/a><\/li>\n<li><a href=\"?p=2262\">D\u00f6rffling &amp; Franke (Leipzig)<\/a><\/li>\n<li><a href=\"?p=877\">D\u00fcrr &amp; Weber (Leipzig)<\/a><\/li>\n<li><a href=\"?p=878\">D\u00fcrre &amp; Wolfensteller (Leipzig)<\/a><\/li>\n<li><a href=\"?p=879\">D\u00fcrr&#8217;sche Buchhandlung (Leipzig)<\/a><\/li>\n<\/ul>\n<p><a name=\"E\"><\/a><strong>E<\/strong><\/p>\n<ul>\n<li><a href=\"?p=880\">Edition Standard (Berlin)<\/a><\/li>\n<li><a href=\"?p=881\">Edition Standard (Leipzig)<\/a><\/li>\n<li><a href=\"?p=882\">Engelmann, Wilhelm (Leipzig)<\/a><\/li>\n<li><a href=\"?p=884\">Eulenburg, Ernst (Leipzig)<\/a><\/li>\n<\/ul>\n<p><a name=\"F\"><\/a><strong>F<\/strong><\/p>\n<ul>\n<li><a href=\"?p=6360\">Fiedler, A. H. (Leipzig)<\/a><\/li>\n<li><a href=\"?p=887\">Forberg, Rob. (Leipzig)<\/a><\/li>\n<li><a href=\"?p=888\">Forberg, Otto (Leipzig)<\/a><\/li>\n<li><a href=\"?p=6202\">Friedlein &amp; Hirsch (Leipzig)<\/a><\/li>\n<li><a href=\"?p=6353\">Friese \/ Friese (Comm.) (Leipzig)<\/a><\/li>\n<\/ul>\n<p><a name=\"G\"><\/a><strong>G<\/strong><\/p>\n<ul>\n<li><a href=\"?p=889\">Glaser (Leipzig)<\/a><\/li>\n<li><a href=\"?p=2746\">Gumprecht (Leipzig)<\/a><\/li>\n<li><a href=\"?p=2755\">Gr\u00fcndel (Leipzig)<\/a><\/li>\n<\/ul>\n<p><a name=\"H\"><\/a><strong>H<\/strong><\/p>\n<ul>\n<li><a href=\"?p=991\">Hansen (Kopenhagen)<\/a><\/li>\n<li><a href=\"?p=1000\">Hansen (Leipzig)<\/a><\/li>\n<li><a href=\"?p=2477\">Hatzfeld (Leipzig)<\/a><\/li>\n<li><a href=\"?p=1010\">Haushahn (Leipzig)<\/a><\/li>\n<li><a href=\"?p=2460\">Heinze (Leipzig)<\/a><\/li>\n<li><a href=\"?p=2469\">Hesse&#8217;s Verlag, Max (Leipzig)<\/a><\/li>\n<li><a href=\"?p=1012\">Heuschkel (Leipzig)<\/a><\/li>\n<li><a href=\"?p=2473\">Hofbauer, C. (Leipzig)<\/a><\/li>\n<li><a href=\"?p=1014\">Hug und Co., Gebr\u00fcder (Leipzig)<\/a><\/li>\n<li><a href=\"?p=1016\">Hug und Co. (Z\u00fcrich)<\/a><\/li>\n<\/ul>\n<p><a name=\"I\"><\/a><strong>I<\/strong><\/p>\n<p><a name=\"J\"><\/a><strong>J<\/strong><\/p>\n<ul>\n<li><a href=\"?p=995\">Junne (Leipzig)<\/a><\/li>\n<li><a href=\"?p=2769\">Jurgenson (Moskau)<\/a><\/li>\n<\/ul>\n<p><a name=\"K\"><\/a><strong>K<\/strong><\/p>\n<ul>\n<li><a href=\"?p=1020\">Kabatek (Leipzig)<\/a><\/li>\n<li><a href=\"?p=1027\">Kahnt (Leipzig)<\/a><\/li>\n<li><a href=\"?p=1280\">Kistner, Fr. (Leipzig)<\/a><\/li>\n<li><a href=\"?p=1029\">Kistner, Fr. und Siegel, C. F. W. (Leipzig)<\/a><\/li>\n<li><a href=\"?p=1031\">Klemm (Plauen)<\/a><\/li>\n<li><a href=\"?p=2760\">Klinkhardt (Leipzig)<\/a><\/li>\n<\/ul>\n<p><a name=\"L\"><\/a><strong>L<\/strong><\/p>\n<ul>\n<li><a href=\"?p=225\">Leduc, Pierre und Auguste (Paris)<\/a><\/li>\n<li><a href=\"?p=279\">Leduc, Alphonse (Paris)<\/a><\/li>\n<li><a href=\"?p=1198\">Leede (Leipzig)<\/a><\/li>\n<li><a href=\"?p=308\">Leuckart, F. E. C. (Leipzig)<\/a><\/li>\n<li><a href=\"?p=679\">Leuckart, Sortiment, F.E.C. (Leipzig)<\/a><\/li>\n<li><a href=\"?p=685\">Leuckart, F.E.C. (M\u00fcnchen)<\/a><\/li>\n<li><a href=\"?p=3077\">Licht &amp; Meyer (Leipzig)<\/a><\/li>\n<li><a href=\"?p=690\">Lichtenberger (Leipzig)<\/a><\/li>\n<li><a href=\"?p=695\">Litolff (Leipzig)<\/a><\/li>\n<\/ul>\n<p><a name=\"M\"><\/a><strong>M<\/strong><\/p>\n<ul>\n<li><a href=\"?p=699\">Merseburger (Leipzig)<\/a><\/li>\n<li><a href=\"?p=1144\">Merseburger &amp; Co (Leipzig)<\/a><\/li>\n<\/ul>\n<p><a name=\"N\"><\/a><strong>N<\/strong><\/p>\n<ul>\n<li><a href=\"?p=219\">No\u00dfke (Leipzig)<\/a><\/li>\n<\/ul>\n<p><a name=\"O\"><\/a><strong>O<\/strong><\/p>\n<ul>\n<li><a href=\"?p=2991\">Oberd\u00f6rffer (Leipzig)<\/a><\/li>\n<\/ul>\n<p><a name=\"P\"><\/a><strong>P<\/strong><\/p>\n<ul>\n<li><a href=\"?p=254\">Payne (Leipzig)<\/a><\/li>\n<li><a href=\"?p=2911\">Peters (Leipzig)<\/a><\/li>\n<li><a href=\"?p=3033\">Portius (Leipzig)<\/a><\/li>\n<li><a href=\"?p=1269\">Probst, H.A. (Leipzig)<\/a><\/li>\n<li><a href=\"?p=2975\">Protze (Leipzig)<\/a><\/li>\n<\/ul>\n<p><a name=\"Q\"><\/a><strong>Q<\/strong><\/p>\n<p><a name=\"R\"><\/a><strong>R<\/strong><\/p>\n<ul>\n<li><a href=\"?p=296\">Reinecke, Gebr\u00fcder (Leipzig)<\/a><\/li>\n<li><a href=\"?p=3057\">Richter, Gustav (Leipzig)<\/a><\/li>\n<li><a href=\"?p=320\">Rieter-Biedermann (Winterthur \/ Leipzig)<\/a><\/li>\n<li><a href=\"?p=497\">Robitschek (Wien)<\/a><\/li>\n<li><a href=\"?p=502\">Robolsky (Leipzig)<\/a><\/li>\n<li><a href=\"?p=2943\">Rothe (Leipzig)<\/a><\/li>\n<li><a href=\"?p=506\">R\u00fchle (Leipzig)<\/a><\/li>\n<\/ul>\n<p><a name=\"S\"><\/a><strong>S<\/strong><\/p>\n<ul>\n<li><a href=\"?p=430\">Schlesinger, Adolph Martin (Berlin)<\/a><\/li>\n<li><a href=\"?p=436\">Schlesinger, Moritz (Paris)<\/a><\/li>\n<li><a href=\"?p=3049\">Schmidt, Arthur P. (Leipzig)<\/a><\/li>\n<li><a href=\"?p=439\">Schuberth (Leipzig)<\/a><\/li>\n<li><a href=\"?p=447\">Schuberth und Co. (Leipzig)<\/a><\/li>\n<li><a href=\"?p=3068\">Seitz (Leipzig)<\/a><\/li>\n<li><a href=\"?p=451\">Senefelder (M\u00fcnchen)<\/a><\/li>\n<li><a href=\"?p=455\">Senff (Leipzig)<\/a><\/li>\n<li><a href=\"?p=460\">Siegismund und Volkening (Leipzig)<\/a><\/li>\n<li><a href=\"?p=464\">Simrock (Bonn)<\/a><\/li>\n<li><a href=\"?p=469\">Steingr\u00e4ber (Hannover)<\/a><\/li>\n<li><a href=\"?p=3109\">Stoll, Edmund (Leipzig)<\/a><\/li>\n<li><a href=\"?p=3133\">Stoll, Felix (Leipzig)<\/a><\/li>\n<\/ul>\n<p><a name=\"T\"><\/a><strong>T<\/strong><\/p>\n<ul>\n<li><a href=\"?p=223\">Teich (Leipzig)<\/a><\/li>\n<\/ul>\n<p><a name=\"U\"><\/a><strong>U<\/strong><\/p>\n<ul>\n<li><a href=\"?p=266\">Universal-Edition (Wien)<\/a><\/li>\n<\/ul>\n<p><a name=\"V\"><\/a><strong>V<\/strong><\/p>\n<p><a name=\"W\"><\/a><strong>W<\/strong><\/p>\n<ul>\n<li><a href=\"?p=3097\">Weber (Leipzig)<\/a><\/li>\n<li><a href=\"?p=328\">Weinberger (Wien)<\/a><\/li>\n<li><a href=\"?p=671\">Whistling (Leipzig)<\/a><\/li>\n<li><a href=\"?p=626\">Wigand (Leipzig)<\/a><\/li>\n<li><a href=\"?p=632\">Wigand&#8217;sche Buchhandlung (Leipzig)<\/a><\/li>\n<\/ul>\n<p><a name=\"X\"><\/a><strong>X<\/strong><\/p>\n<p><a name=\"Y\"><\/a><strong>Y<\/strong><\/p>\n<p><a name=\"Z\"><\/a><strong>Z<\/strong><\/p>\n<ul>\n<li><a href=\"?p=637\">Zechel (Leipzig)<\/a><\/li>\n<li><a href=\"?p=641\">Zimmermann (St. Petersburg)<\/a><\/li>\n<li><a href=\"?p=646\">Zschocher (Leipzig)<\/a><\/li>\n<\/ul>\n<p><a href=\"#Seitenanfang\">Seitenanfang<\/a><\/p>\n","protected":false},"excerpt":{"rendered":"<p>Hier finden Sie eine alphabetische \u00dcbersicht der Verleger A B C D E F G H I J K L M N O P Q R S T U V W X Y Z A Aibl, Jos. (M\u00fcnchen) Andr\u00e9, Johann (Offenbach am Main) Arnold, F. W. (Elberfeld \/ Dresden) Arnold, Karl (Stuttgart \/ Leipzig) Arnoldische &hellip; <\/p>\n<p class=\"link-more\"><a href=\"https:\/\/musikdrucke.iaml-deutschland.info\/?page_id=14\" class=\"more-link\">Lies den gesamten Beitrag &rarr;<span class=\"screen-reader-text\">\u201eVerleger\u201c<\/span><\/a><\/p>\n","protected":false},"author":2,"featured_media":0,"parent":0,"menu_order":1,"comment_status":"closed","ping_status":"closed","template":"","meta":{"footnotes":""},"class_list":["post-14","page","type-page","status-publish","hentry"],"_links":{"self":[{"href":"https:\/\/musikdrucke.iaml-deutschland.info\/index.php?rest_route=\/wp\/v2\/pages\/14","targetHints":{"allow":["GET"]}}],"collection":[{"href":"https:\/\/musikdrucke.iaml-deutschland.info\/index.php?rest_route=\/wp\/v2\/pages"}],"about":[{"href":"https:\/\/musikdrucke.iaml-deutschland.info\/index.php?rest_route=\/wp\/v2\/types\/page"}],"author":[{"embeddable":true,"href":"https:\/\/musikdrucke.iaml-deutschland.info\/index.php?rest_route=\/wp\/v2\/users\/2"}],"replies":[{"embeddable":true,"href":"https:\/\/musikdrucke.iaml-deutschland.info\/index.php?rest_route=%2Fwp%2Fv2%2Fcomments&post=14"}],"version-history":[{"count":147,"href":"https:\/\/musikdrucke.iaml-deutschland.info\/index.php?rest_route=\/wp\/v2\/pages\/14\/revisions"}],"predecessor-version":[{"id":6645,"href":"https:\/\/musikdrucke.iaml-deutschland.info\/index.php?rest_route=\/wp\/v2\/pages\/14\/revisions\/6645"}],"wp:attachment":[{"href":"https:\/\/musikdrucke.iaml-deutschland.info\/index.php?rest_route=%2Fwp%2Fv2%2Fmedia&parent=14"}],"curies":[{"name":"wp","href":"https:\/\/api.w.org\/{rel}","templated":true}]}}